{"id":3629,"date":"2023-03-10T22:15:05","date_gmt":"2023-03-10T22:15:05","guid":{"rendered":"https:\/\/asqii.tn\/polygone.com.tn\/?page_id=3629"},"modified":"2023-03-11T08:41:02","modified_gmt":"2023-03-11T08:41:02","slug":"asqii-projects","status":"publish","type":"page","link":"https:\/\/asqii.tn\/polygone.com.tn\/asqii-projects\/","title":{"rendered":"ASQII Projects"},"content":{"rendered":"\t\t<div data-elementor-type=\"wp-page\" data-elementor-id=\"3629\" class=\"elementor elementor-3629\" data-elementor-post-type=\"page\">\n\t\t\t\t\t\t<section class=\"elementor-section elementor-top-section elementor-element elementor-element-e6654bc elementor-section-boxed elementor-section-height-default elementor-section-height-default\" data-id=\"e6654bc\" data-element_type=\"section\" data-settings=\"{&quot;background_background&quot;:&quot;classic&quot;}\">\n\t\t\t\t\t\t<div class=\"elementor-container elementor-column-gap-default\">\n\t\t\t\t\t<div class=\"elementor-column elementor-col-100 elementor-top-column elementor-element elementor-element-fca389f\" data-id=\"fca389f\" data-element_type=\"column\">\n\t\t\t<div class=\"elementor-widget-wrap elementor-element-populated\">\n\t\t\t\t\t\t<div class=\"elementor-element elementor-element-91bd8f6 elementor-widget elementor-widget-image\" data-id=\"91bd8f6\" data-element_type=\"widget\" data-widget_type=\"image.default\">\n\t\t\t\t<div class=\"elementor-widget-container\">\n\t\t\t\t\t\t\t\t\t\t\t\t\t<img decoding=\"async\" width=\"300\" height=\"74\" src=\"https:\/\/asqii.tn\/polygone.com.tn\/wp-content\/uploads\/2023\/03\/Asqii.white_-300x74.png\" class=\"attachment-medium size-medium wp-image-3633\" alt=\"\" srcset=\"https:\/\/asqii.tn\/polygone.com.tn\/wp-content\/uploads\/2023\/03\/Asqii.white_-300x74.png 300w, https:\/\/asqii.tn\/polygone.com.tn\/wp-content\/uploads\/2023\/03\/Asqii.white_-1024x254.png 1024w, https:\/\/asqii.tn\/polygone.com.tn\/wp-content\/uploads\/2023\/03\/Asqii.white_-768x190.png 768w, https:\/\/asqii.tn\/polygone.com.tn\/wp-content\/uploads\/2023\/03\/Asqii.white_.png 1420w\" sizes=\"(max-width: 300px) 100vw, 300px\" \/>\t\t\t\t\t\t\t\t\t\t\t\t\t<\/div>\n\t\t\t\t<\/div>\n\t\t\t\t\t<\/div>\n\t\t<\/div>\n\t\t\t\t\t<\/div>\n\t\t<\/section>\n\t\t\t\t<section class=\"elementor-section elementor-top-section elementor-element elementor-element-a6e1ede elementor-section-boxed elementor-section-height-default elementor-section-height-default\" data-id=\"a6e1ede\" data-element_type=\"section\">\n\t\t\t\t\t\t<div class=\"elementor-container elementor-column-gap-default\">\n\t\t\t\t\t<div class=\"elementor-column elementor-col-100 elementor-top-column elementor-element elementor-element-8891d40\" data-id=\"8891d40\" data-element_type=\"column\">\n\t\t\t<div class=\"elementor-widget-wrap elementor-element-populated\">\n\t\t\t\t\t\t<div class=\"elementor-element elementor-element-90ab1b8 elementor-widget elementor-widget-spacer\" data-id=\"90ab1b8\" data-element_type=\"widget\" data-widget_type=\"spacer.default\">\n\t\t\t\t<div class=\"elementor-widget-container\">\n\t\t\t\t\t<div class=\"elementor-spacer\">\n\t\t\t<div class=\"elementor-spacer-inner\"><\/div>\n\t\t<\/div>\n\t\t\t\t<\/div>\n\t\t\t\t<\/div>\n\t\t\t\t<div class=\"elementor-element elementor-element-48ee66e elementor-widget elementor-widget-heading\" data-id=\"48ee66e\" data-element_type=\"widget\" data-widget_type=\"heading.default\">\n\t\t\t\t<div class=\"elementor-widget-container\">\n\t\t\t<h2 class=\"elementor-heading-title elementor-size-default\">Outils d'aide \u00e0 la decision EN ONCOLOGIE<\/h2>\t\t<\/div>\n\t\t\t\t<\/div>\n\t\t\t\t<section class=\"elementor-section elementor-inner-section elementor-element elementor-element-7892031 elementor-section-boxed elementor-section-height-default elementor-section-height-default\" data-id=\"7892031\" data-element_type=\"section\">\n\t\t\t\t\t\t<div class=\"elementor-container elementor-column-gap-default\">\n\t\t\t\t\t<div class=\"elementor-column elementor-col-50 elementor-inner-column elementor-element elementor-element-a8fbddb\" data-id=\"a8fbddb\" data-element_type=\"column\">\n\t\t\t<div class=\"elementor-widget-wrap elementor-element-populated\">\n\t\t\t\t\t\t<div class=\"elementor-element elementor-element-8711741 elementor-widget elementor-widget-image\" data-id=\"8711741\" data-element_type=\"widget\" data-widget_type=\"image.default\">\n\t\t\t\t<div class=\"elementor-widget-container\">\n\t\t\t\t\t\t\t\t\t\t\t\t\t<img fetchpriority=\"high\" decoding=\"async\" width=\"1024\" height=\"639\" src=\"https:\/\/asqii.tn\/polygone.com.tn\/wp-content\/uploads\/2023\/03\/PEC-Initiale-1024x639.png\" class=\"attachment-large size-large wp-image-3634\" alt=\"\" srcset=\"https:\/\/asqii.tn\/polygone.com.tn\/wp-content\/uploads\/2023\/03\/PEC-Initiale-1024x639.png 1024w, https:\/\/asqii.tn\/polygone.com.tn\/wp-content\/uploads\/2023\/03\/PEC-Initiale-300x187.png 300w, https:\/\/asqii.tn\/polygone.com.tn\/wp-content\/uploads\/2023\/03\/PEC-Initiale-768x479.png 768w, https:\/\/asqii.tn\/polygone.com.tn\/wp-content\/uploads\/2023\/03\/PEC-Initiale.png 1429w\" sizes=\"(max-width: 1024px) 100vw, 1024px\" \/>\t\t\t\t\t\t\t\t\t\t\t\t\t<\/div>\n\t\t\t\t<\/div>\n\t\t\t\t\t<\/div>\n\t\t<\/div>\n\t\t\t\t<div class=\"elementor-column elementor-col-50 elementor-inner-column elementor-element elementor-element-5f389b3\" data-id=\"5f389b3\" data-element_type=\"column\">\n\t\t\t<div class=\"elementor-widget-wrap elementor-element-populated\">\n\t\t\t\t\t\t<div class=\"elementor-element elementor-element-b769f2e elementor-widget elementor-widget-text-editor\" data-id=\"b769f2e\" data-element_type=\"widget\" data-widget_type=\"text-editor.default\">\n\t\t\t\t<div class=\"elementor-widget-container\">\n\t\t\t\t\t\t\t<p>D\u00e9veloppement d&#8217;un outil destin\u00e9 aux oncologues pour les assister \u00e0 prendre des d\u00e9cisions lors du traitement des patients atteint de cancer.<\/p>\t\t\t\t\t\t<\/div>\n\t\t\t\t<\/div>\n\t\t\t\t<div class=\"elementor-element elementor-element-006607c elementor-align-center elementor-widget elementor-widget-button\" data-id=\"006607c\" data-element_type=\"widget\" data-widget_type=\"button.default\">\n\t\t\t\t<div class=\"elementor-widget-container\">\n\t\t\t\t\t\t\t<div class=\"elementor-button-wrapper\">\n\t\t\t\t\t<a class=\"elementor-button elementor-button-link elementor-size-sm\" href=\"http:\/\/20.229.105.158:8080\/\">\n\t\t\t\t\t\t<span class=\"elementor-button-content-wrapper\">\n\t\t\t\t\t\t\t\t\t<span class=\"elementor-button-text\">Lancer La D\u00e9mo<\/span>\n\t\t\t\t\t<\/span>\n\t\t\t\t\t<\/a>\n\t\t\t\t<\/div>\n\t\t\t\t\t\t<\/div>\n\t\t\t\t<\/div>\n\t\t\t\t\t<\/div>\n\t\t<\/div>\n\t\t\t\t\t<\/div>\n\t\t<\/section>\n\t\t\t\t\t<\/div>\n\t\t<\/div>\n\t\t\t\t\t<\/div>\n\t\t<\/section>\n\t\t\t\t<section class=\"elementor-section elementor-top-section elementor-element elementor-element-5374fca elementor-section-boxed elementor-section-height-default elementor-section-height-default\" data-id=\"5374fca\" data-element_type=\"section\">\n\t\t\t\t\t\t<div class=\"elementor-container elementor-column-gap-default\">\n\t\t\t\t\t<div class=\"elementor-column elementor-col-100 elementor-top-column elementor-element elementor-element-78f89a0\" data-id=\"78f89a0\" data-element_type=\"column\">\n\t\t\t<div class=\"elementor-widget-wrap elementor-element-populated\">\n\t\t\t\t\t\t<div class=\"elementor-element elementor-element-f3ba3db elementor-widget elementor-widget-spacer\" data-id=\"f3ba3db\" data-element_type=\"widget\" data-widget_type=\"spacer.default\">\n\t\t\t\t<div class=\"elementor-widget-container\">\n\t\t\t\t\t<div class=\"elementor-spacer\">\n\t\t\t<div class=\"elementor-spacer-inner\"><\/div>\n\t\t<\/div>\n\t\t\t\t<\/div>\n\t\t\t\t<\/div>\n\t\t\t\t<div class=\"elementor-element elementor-element-ecb082c elementor-widget elementor-widget-heading\" data-id=\"ecb082c\" data-element_type=\"widget\" data-widget_type=\"heading.default\">\n\t\t\t\t<div class=\"elementor-widget-container\">\n\t\t\t<h2 class=\"elementor-heading-title elementor-size-default\">Jeu vid\u00e9o 3D ONco-ADVENTURE<\/h2>\t\t<\/div>\n\t\t\t\t<\/div>\n\t\t\t\t\t<\/div>\n\t\t<\/div>\n\t\t\t\t\t<\/div>\n\t\t<\/section>\n\t\t\t\t<section class=\"elementor-section elementor-top-section elementor-element elementor-element-0d81eeb elementor-section-boxed elementor-section-height-default elementor-section-height-default\" data-id=\"0d81eeb\" data-element_type=\"section\">\n\t\t\t\t\t\t<div class=\"elementor-container elementor-column-gap-default\">\n\t\t\t\t\t<div class=\"elementor-column elementor-col-100 elementor-top-column elementor-element elementor-element-061c859\" data-id=\"061c859\" data-element_type=\"column\">\n\t\t\t<div class=\"elementor-widget-wrap elementor-element-populated\">\n\t\t\t\t\t\t<section class=\"elementor-section elementor-inner-section elementor-element elementor-element-7eb3fec elementor-section-boxed elementor-section-height-default elementor-section-height-default\" data-id=\"7eb3fec\" data-element_type=\"section\">\n\t\t\t\t\t\t<div class=\"elementor-container elementor-column-gap-default\">\n\t\t\t\t\t<div class=\"elementor-column elementor-col-50 elementor-inner-column elementor-element elementor-element-d457208\" data-id=\"d457208\" data-element_type=\"column\">\n\t\t\t<div class=\"elementor-widget-wrap elementor-element-populated\">\n\t\t\t\t\t\t<div class=\"elementor-element elementor-element-9c0620a elementor-widget elementor-widget-video\" data-id=\"9c0620a\" data-element_type=\"widget\" data-settings=\"{&quot;youtube_url&quot;:&quot;https:\\\/\\\/www.youtube.com\\\/watch?v=ma8Yh7N0fSM&quot;,&quot;video_type&quot;:&quot;youtube&quot;,&quot;controls&quot;:&quot;yes&quot;}\" data-widget_type=\"video.default\">\n\t\t\t\t<div class=\"elementor-widget-container\">\n\t\t\t\t\t<div class=\"elementor-wrapper elementor-open-inline\">\n\t\t\t<div class=\"elementor-video\"><\/div>\t\t<\/div>\n\t\t\t\t<\/div>\n\t\t\t\t<\/div>\n\t\t\t\t\t<\/div>\n\t\t<\/div>\n\t\t\t\t<div class=\"elementor-column elementor-col-50 elementor-inner-column elementor-element elementor-element-622ec67\" data-id=\"622ec67\" data-element_type=\"column\">\n\t\t\t<div class=\"elementor-widget-wrap elementor-element-populated\">\n\t\t\t\t\t\t<div class=\"elementor-element elementor-element-60588cd elementor-widget elementor-widget-text-editor\" data-id=\"60588cd\" data-element_type=\"widget\" data-widget_type=\"text-editor.default\">\n\t\t\t\t<div class=\"elementor-widget-container\">\n\t\t\t\t\t\t\t<p>D\u00e9couvrir le parcours d&#8217;un patient atteint d&#8217;un cancer du poumon \u00e0 travers un Serious Game&#8230;<\/p>\t\t\t\t\t\t<\/div>\n\t\t\t\t<\/div>\n\t\t\t\t\t<\/div>\n\t\t<\/div>\n\t\t\t\t\t<\/div>\n\t\t<\/section>\n\t\t\t\t<div class=\"elementor-element elementor-element-a1ccb75 elementor-widget elementor-widget-spacer\" data-id=\"a1ccb75\" data-element_type=\"widget\" data-widget_type=\"spacer.default\">\n\t\t\t\t<div class=\"elementor-widget-container\">\n\t\t\t\t\t<div class=\"elementor-spacer\">\n\t\t\t<div class=\"elementor-spacer-inner\"><\/div>\n\t\t<\/div>\n\t\t\t\t<\/div>\n\t\t\t\t<\/div>\n\t\t\t\t<div class=\"elementor-element elementor-element-3229f52 elementor-widget elementor-widget-heading\" data-id=\"3229f52\" data-element_type=\"widget\" data-widget_type=\"heading.default\">\n\t\t\t\t<div class=\"elementor-widget-container\">\n\t\t\t<h2 class=\"elementor-heading-title elementor-size-default\">Cas cliniques interactifs<\/h2>\t\t<\/div>\n\t\t\t\t<\/div>\n\t\t\t\t<section class=\"elementor-section elementor-inner-section elementor-element elementor-element-e13e98e elementor-section-boxed elementor-section-height-default elementor-section-height-default\" data-id=\"e13e98e\" data-element_type=\"section\">\n\t\t\t\t\t\t<div class=\"elementor-container elementor-column-gap-default\">\n\t\t\t\t\t<div class=\"elementor-column elementor-col-50 elementor-inner-column elementor-element elementor-element-d409bf2\" data-id=\"d409bf2\" data-element_type=\"column\">\n\t\t\t<div class=\"elementor-widget-wrap elementor-element-populated\">\n\t\t\t\t\t\t<div class=\"elementor-element elementor-element-4531679 elementor-widget elementor-widget-image\" data-id=\"4531679\" data-element_type=\"widget\" data-widget_type=\"image.default\">\n\t\t\t\t<div class=\"elementor-widget-container\">\n\t\t\t\t\t\t\t\t\t\t\t\t\t<img decoding=\"async\" width=\"1024\" height=\"576\" src=\"https:\/\/asqii.tn\/polygone.com.tn\/wp-content\/uploads\/2023\/03\/chrome_vg0SPWVIJH-1024x576.png\" class=\"attachment-large size-large wp-image-3644\" alt=\"\" srcset=\"https:\/\/asqii.tn\/polygone.com.tn\/wp-content\/uploads\/2023\/03\/chrome_vg0SPWVIJH-1024x576.png 1024w, https:\/\/asqii.tn\/polygone.com.tn\/wp-content\/uploads\/2023\/03\/chrome_vg0SPWVIJH-300x169.png 300w, https:\/\/asqii.tn\/polygone.com.tn\/wp-content\/uploads\/2023\/03\/chrome_vg0SPWVIJH-768x432.png 768w, https:\/\/asqii.tn\/polygone.com.tn\/wp-content\/uploads\/2023\/03\/chrome_vg0SPWVIJH-1536x864.png 1536w, https:\/\/asqii.tn\/polygone.com.tn\/wp-content\/uploads\/2023\/03\/chrome_vg0SPWVIJH.png 1920w\" sizes=\"(max-width: 1024px) 100vw, 1024px\" \/>\t\t\t\t\t\t\t\t\t\t\t\t\t<\/div>\n\t\t\t\t<\/div>\n\t\t\t\t\t<\/div>\n\t\t<\/div>\n\t\t\t\t<div class=\"elementor-column elementor-col-50 elementor-inner-column elementor-element elementor-element-741fcf4\" data-id=\"741fcf4\" data-element_type=\"column\">\n\t\t\t<div class=\"elementor-widget-wrap elementor-element-populated\">\n\t\t\t\t\t\t<div class=\"elementor-element elementor-element-1c95f51 elementor-widget elementor-widget-text-editor\" data-id=\"1c95f51\" data-element_type=\"widget\" data-widget_type=\"text-editor.default\">\n\t\t\t\t<div class=\"elementor-widget-container\">\n\t\t\t\t\t\t\t<p>Des cas cliniques Interactifs con\u00e7us pour fournir aux apprenants une exp\u00e9rience d&#8217;apprentissage immersive et interactive.<\/p>\t\t\t\t\t\t<\/div>\n\t\t\t\t<\/div>\n\t\t\t\t<div class=\"elementor-element elementor-element-5e38146 elementor-align-center elementor-widget elementor-widget-button\" data-id=\"5e38146\" data-element_type=\"widget\" data-widget_type=\"button.default\">\n\t\t\t\t<div class=\"elementor-widget-container\">\n\t\t\t\t\t\t\t<div class=\"elementor-button-wrapper\">\n\t\t\t\t\t<a class=\"elementor-button elementor-button-link elementor-size-sm\" href=\"https:\/\/polygone-learning.tn\/learning_plateforme\/mod\/hvp\/view.php?id=1279\">\n\t\t\t\t\t\t<span class=\"elementor-button-content-wrapper\">\n\t\t\t\t\t\t\t\t\t<span class=\"elementor-button-text\">Lancer La D\u00e9mo<\/span>\n\t\t\t\t\t<\/span>\n\t\t\t\t\t<\/a>\n\t\t\t\t<\/div>\n\t\t\t\t\t\t<\/div>\n\t\t\t\t<\/div>\n\t\t\t\t\t<\/div>\n\t\t<\/div>\n\t\t\t\t\t<\/div>\n\t\t<\/section>\n\t\t\t\t\t<\/div>\n\t\t<\/div>\n\t\t\t\t\t<\/div>\n\t\t<\/section>\n\t\t\t\t<section class=\"elementor-section elementor-top-section elementor-element elementor-element-fba5036 elementor-section-boxed elementor-section-height-default elementor-section-height-default\" data-id=\"fba5036\" data-element_type=\"section\">\n\t\t\t\t\t\t<div class=\"elementor-container elementor-column-gap-default\">\n\t\t\t\t\t<div class=\"elementor-column elementor-col-100 elementor-top-column elementor-element elementor-element-5c0b2bf\" data-id=\"5c0b2bf\" data-element_type=\"column\">\n\t\t\t<div class=\"elementor-widget-wrap elementor-element-populated\">\n\t\t\t\t\t\t<div class=\"elementor-element elementor-element-22bf830 elementor-widget elementor-widget-spacer\" data-id=\"22bf830\" data-element_type=\"widget\" data-widget_type=\"spacer.default\">\n\t\t\t\t<div class=\"elementor-widget-container\">\n\t\t\t\t\t<div class=\"elementor-spacer\">\n\t\t\t<div class=\"elementor-spacer-inner\"><\/div>\n\t\t<\/div>\n\t\t\t\t<\/div>\n\t\t\t\t<\/div>\n\t\t\t\t<div class=\"elementor-element elementor-element-8dcad3e elementor-widget elementor-widget-heading\" data-id=\"8dcad3e\" data-element_type=\"widget\" data-widget_type=\"heading.default\">\n\t\t\t\t<div class=\"elementor-widget-container\">\n\t\t\t<h2 class=\"elementor-heading-title elementor-size-default\">Videos de sensibilisation<\/h2>\t\t<\/div>\n\t\t\t\t<\/div>\n\t\t\t\t<section class=\"elementor-section elementor-inner-section elementor-element elementor-element-816ffc5 elementor-section-boxed elementor-section-height-default elementor-section-height-default\" data-id=\"816ffc5\" data-element_type=\"section\">\n\t\t\t\t\t\t<div class=\"elementor-container elementor-column-gap-default\">\n\t\t\t\t\t<div class=\"elementor-column elementor-col-50 elementor-inner-column elementor-element elementor-element-f45b837\" data-id=\"f45b837\" data-element_type=\"column\">\n\t\t\t<div class=\"elementor-widget-wrap elementor-element-populated\">\n\t\t\t\t\t\t<div class=\"elementor-element elementor-element-f1ab005 elementor-widget elementor-widget-video\" data-id=\"f1ab005\" data-element_type=\"widget\" data-settings=\"{&quot;youtube_url&quot;:&quot;https:\\\/\\\/www.youtube.com\\\/watch?v=LhLKj8_X6I8&quot;,&quot;video_type&quot;:&quot;youtube&quot;,&quot;controls&quot;:&quot;yes&quot;}\" data-widget_type=\"video.default\">\n\t\t\t\t<div class=\"elementor-widget-container\">\n\t\t\t\t\t<div class=\"elementor-wrapper elementor-open-inline\">\n\t\t\t<div class=\"elementor-video\"><\/div>\t\t<\/div>\n\t\t\t\t<\/div>\n\t\t\t\t<\/div>\n\t\t\t\t\t<\/div>\n\t\t<\/div>\n\t\t\t\t<div class=\"elementor-column elementor-col-50 elementor-inner-column elementor-element elementor-element-9ac1db2\" data-id=\"9ac1db2\" data-element_type=\"column\">\n\t\t\t<div class=\"elementor-widget-wrap elementor-element-populated\">\n\t\t\t\t\t\t<div class=\"elementor-element elementor-element-b841920 elementor-widget elementor-widget-text-editor\" data-id=\"b841920\" data-element_type=\"widget\" data-widget_type=\"text-editor.default\">\n\t\t\t\t<div class=\"elementor-widget-container\">\n\t\t\t\t\t\t\t<p>Produire des Vid\u00e9os de sensibilisation<\/p>\t\t\t\t\t\t<\/div>\n\t\t\t\t<\/div>\n\t\t\t\t\t<\/div>\n\t\t<\/div>\n\t\t\t\t\t<\/div>\n\t\t<\/section>\n\t\t\t\t\t<\/div>\n\t\t<\/div>\n\t\t\t\t\t<\/div>\n\t\t<\/section>\n\t\t\t\t<\/div>\n\t\t","protected":false},"excerpt":{"rendered":"<p>Outils d&#8217;aide \u00e0 la decision EN ONCOLOGIE D\u00e9veloppement d&#8217;un outil destin\u00e9 aux oncologues pour les assister \u00e0 prendre des d\u00e9cisions lors du traitement des patients atteint de cancer. Lancer La D\u00e9mo Jeu vid\u00e9o 3D ONco-ADVENTURE https:\/\/www.youtube.com\/watch?v=ma8Yh7N0fSM D\u00e9couvrir le parcours d&#8217;un patient atteint d&#8217;un cancer du poumon \u00e0 travers un Serious Game&#8230; Cas cliniques interactifs Des&#8230;<\/p>\n","protected":false},"author":2,"featured_media":0,"parent":0,"menu_order":0,"comment_status":"closed","ping_status":"closed","template":"","meta":{"_kad_post_transparent":"","_kad_post_title":"hide","_kad_post_layout":"fullwidth","_kad_post_sidebar_id":"","_kad_post_content_style":"unboxed","_kad_post_vertical_padding":"hide","_kad_post_feature":"hide","_kad_post_feature_position":"","_kad_post_header":false,"_kad_post_footer":false,"footnotes":""},"class_list":["post-3629","page","type-page","status-publish","hentry"],"yoast_head":"<!-- This site is optimized with the Yoast SEO plugin v19.9 - https:\/\/yoast.com\/wordpress\/plugins\/seo\/ -->\n<title>ASQII Projects - Polygone Tunisia<\/title>\n<meta name=\"robots\" content=\"index, follow, max-snippet:-1, max-image-preview:large, max-video-preview:-1\" \/>\n<link rel=\"canonical\" href=\"https:\/\/asqii.tn\/polygone.com.tn\/asqii-projects\/\" \/>\n<meta property=\"og:locale\" content=\"en_US\" \/>\n<meta property=\"og:type\" content=\"article\" \/>\n<meta property=\"og:title\" content=\"ASQII Projects - Polygone Tunisia\" \/>\n<meta property=\"og:description\" content=\"Outils d&#8217;aide \u00e0 la decision EN ONCOLOGIE D\u00e9veloppement d&#8217;un outil destin\u00e9 aux oncologues pour les assister \u00e0 prendre des d\u00e9cisions lors du traitement des patients atteint de cancer. Lancer La D\u00e9mo Jeu vid\u00e9o 3D ONco-ADVENTURE https:\/\/www.youtube.com\/watch?v=ma8Yh7N0fSM D\u00e9couvrir le parcours d&#8217;un patient atteint d&#8217;un cancer du poumon \u00e0 travers un Serious Game&#8230; Cas cliniques interactifs Des...\" \/>\n<meta property=\"og:url\" content=\"https:\/\/asqii.tn\/polygone.com.tn\/asqii-projects\/\" \/>\n<meta property=\"og:site_name\" content=\"Polygone Tunisia\" \/>\n<meta property=\"article:publisher\" content=\"https:\/\/www.facebook.com\/Polygone.Learning\" \/>\n<meta property=\"article:modified_time\" content=\"2023-03-11T08:41:02+00:00\" \/>\n<meta property=\"og:image\" content=\"https:\/\/asqii.tn\/polygone.com.tn\/wp-content\/uploads\/2023\/03\/Asqii.white_-300x74.png\" \/>\n<meta name=\"twitter:card\" content=\"summary_large_image\" \/>\n<meta name=\"twitter:label1\" content=\"Est. reading time\" \/>\n\t<meta name=\"twitter:data1\" content=\"1 minute\" \/>\n<script type=\"application\/ld+json\" class=\"yoast-schema-graph\">{\"@context\":\"https:\/\/schema.org\",\"@graph\":[{\"@type\":\"WebPage\",\"@id\":\"https:\/\/asqii.tn\/polygone.com.tn\/asqii-projects\/\",\"url\":\"https:\/\/asqii.tn\/polygone.com.tn\/asqii-projects\/\",\"name\":\"ASQII Projects - Polygone Tunisia\",\"isPartOf\":{\"@id\":\"https:\/\/asqii.tn\/polygone.com.tn\/#website\"},\"datePublished\":\"2023-03-10T22:15:05+00:00\",\"dateModified\":\"2023-03-11T08:41:02+00:00\",\"breadcrumb\":{\"@id\":\"https:\/\/asqii.tn\/polygone.com.tn\/asqii-projects\/#breadcrumb\"},\"inLanguage\":\"en-US\",\"potentialAction\":[{\"@type\":\"ReadAction\",\"target\":[\"https:\/\/asqii.tn\/polygone.com.tn\/asqii-projects\/\"]}]},{\"@type\":\"BreadcrumbList\",\"@id\":\"https:\/\/asqii.tn\/polygone.com.tn\/asqii-projects\/#breadcrumb\",\"itemListElement\":[{\"@type\":\"ListItem\",\"position\":1,\"name\":\"Home\",\"item\":\"https:\/\/asqii.tn\/polygone.com.tn\/\"},{\"@type\":\"ListItem\",\"position\":2,\"name\":\"ASQII Projects\"}]},{\"@type\":\"WebSite\",\"@id\":\"https:\/\/asqii.tn\/polygone.com.tn\/#website\",\"url\":\"https:\/\/asqii.tn\/polygone.com.tn\/\",\"name\":\"Polygone Tunisia\",\"description\":\"\",\"publisher\":{\"@id\":\"https:\/\/asqii.tn\/polygone.com.tn\/#organization\"},\"potentialAction\":[{\"@type\":\"SearchAction\",\"target\":{\"@type\":\"EntryPoint\",\"urlTemplate\":\"https:\/\/asqii.tn\/polygone.com.tn\/?s={search_term_string}\"},\"query-input\":\"required name=search_term_string\"}],\"inLanguage\":\"en-US\"},{\"@type\":\"Organization\",\"@id\":\"https:\/\/asqii.tn\/polygone.com.tn\/#organization\",\"name\":\"Polygone Tunisie\",\"url\":\"https:\/\/asqii.tn\/polygone.com.tn\/\",\"logo\":{\"@type\":\"ImageObject\",\"inLanguage\":\"en-US\",\"@id\":\"https:\/\/asqii.tn\/polygone.com.tn\/#\/schema\/logo\/image\/\",\"url\":\"https:\/\/asqii.tn\/polygone.com.tn\/wp-content\/uploads\/2022\/07\/polygone_logo_branches.png\",\"contentUrl\":\"https:\/\/asqii.tn\/polygone.com.tn\/wp-content\/uploads\/2022\/07\/polygone_logo_branches.png\",\"width\":3037,\"height\":878,\"caption\":\"Polygone Tunisie\"},\"image\":{\"@id\":\"https:\/\/asqii.tn\/polygone.com.tn\/#\/schema\/logo\/image\/\"},\"sameAs\":[\"https:\/\/www.linkedin.com\/company\/polygone-learning\/\",\"https:\/\/www.facebook.com\/Polygone.Learning\"]}]}<\/script>\n<!-- \/ Yoast SEO plugin. -->","yoast_head_json":{"title":"ASQII Projects - Polygone Tunisia","robots":{"index":"index","follow":"follow","max-snippet":"max-snippet:-1","max-image-preview":"max-image-preview:large","max-video-preview":"max-video-preview:-1"},"canonical":"https:\/\/asqii.tn\/polygone.com.tn\/asqii-projects\/","og_locale":"en_US","og_type":"article","og_title":"ASQII Projects - Polygone Tunisia","og_description":"Outils d&#8217;aide \u00e0 la decision EN ONCOLOGIE D\u00e9veloppement d&#8217;un outil destin\u00e9 aux oncologues pour les assister \u00e0 prendre des d\u00e9cisions lors du traitement des patients atteint de cancer. Lancer La D\u00e9mo Jeu vid\u00e9o 3D ONco-ADVENTURE https:\/\/www.youtube.com\/watch?v=ma8Yh7N0fSM D\u00e9couvrir le parcours d&#8217;un patient atteint d&#8217;un cancer du poumon \u00e0 travers un Serious Game&#8230; Cas cliniques interactifs Des...","og_url":"https:\/\/asqii.tn\/polygone.com.tn\/asqii-projects\/","og_site_name":"Polygone Tunisia","article_publisher":"https:\/\/www.facebook.com\/Polygone.Learning","article_modified_time":"2023-03-11T08:41:02+00:00","og_image":[{"url":"https:\/\/asqii.tn\/polygone.com.tn\/wp-content\/uploads\/2023\/03\/Asqii.white_-300x74.png"}],"twitter_card":"summary_large_image","twitter_misc":{"Est. reading time":"1 minute"},"schema":{"@context":"https:\/\/schema.org","@graph":[{"@type":"WebPage","@id":"https:\/\/asqii.tn\/polygone.com.tn\/asqii-projects\/","url":"https:\/\/asqii.tn\/polygone.com.tn\/asqii-projects\/","name":"ASQII Projects - Polygone Tunisia","isPartOf":{"@id":"https:\/\/asqii.tn\/polygone.com.tn\/#website"},"datePublished":"2023-03-10T22:15:05+00:00","dateModified":"2023-03-11T08:41:02+00:00","breadcrumb":{"@id":"https:\/\/asqii.tn\/polygone.com.tn\/asqii-projects\/#breadcrumb"},"inLanguage":"en-US","potentialAction":[{"@type":"ReadAction","target":["https:\/\/asqii.tn\/polygone.com.tn\/asqii-projects\/"]}]},{"@type":"BreadcrumbList","@id":"https:\/\/asqii.tn\/polygone.com.tn\/asqii-projects\/#breadcrumb","itemListElement":[{"@type":"ListItem","position":1,"name":"Home","item":"https:\/\/asqii.tn\/polygone.com.tn\/"},{"@type":"ListItem","position":2,"name":"ASQII Projects"}]},{"@type":"WebSite","@id":"https:\/\/asqii.tn\/polygone.com.tn\/#website","url":"https:\/\/asqii.tn\/polygone.com.tn\/","name":"Polygone Tunisia","description":"","publisher":{"@id":"https:\/\/asqii.tn\/polygone.com.tn\/#organization"},"potentialAction":[{"@type":"SearchAction","target":{"@type":"EntryPoint","urlTemplate":"https:\/\/asqii.tn\/polygone.com.tn\/?s={search_term_string}"},"query-input":"required name=search_term_string"}],"inLanguage":"en-US"},{"@type":"Organization","@id":"https:\/\/asqii.tn\/polygone.com.tn\/#organization","name":"Polygone Tunisie","url":"https:\/\/asqii.tn\/polygone.com.tn\/","logo":{"@type":"ImageObject","inLanguage":"en-US","@id":"https:\/\/asqii.tn\/polygone.com.tn\/#\/schema\/logo\/image\/","url":"https:\/\/asqii.tn\/polygone.com.tn\/wp-content\/uploads\/2022\/07\/polygone_logo_branches.png","contentUrl":"https:\/\/asqii.tn\/polygone.com.tn\/wp-content\/uploads\/2022\/07\/polygone_logo_branches.png","width":3037,"height":878,"caption":"Polygone Tunisie"},"image":{"@id":"https:\/\/asqii.tn\/polygone.com.tn\/#\/schema\/logo\/image\/"},"sameAs":["https:\/\/www.linkedin.com\/company\/polygone-learning\/","https:\/\/www.facebook.com\/Polygone.Learning"]}]}},"_links":{"self":[{"href":"https:\/\/asqii.tn\/polygone.com.tn\/wp-json\/wp\/v2\/pages\/3629","targetHints":{"allow":["GET"]}}],"collection":[{"href":"https:\/\/asqii.tn\/polygone.com.tn\/wp-json\/wp\/v2\/pages"}],"about":[{"href":"https:\/\/asqii.tn\/polygone.com.tn\/wp-json\/wp\/v2\/types\/page"}],"author":[{"embeddable":true,"href":"https:\/\/asqii.tn\/polygone.com.tn\/wp-json\/wp\/v2\/users\/2"}],"replies":[{"embeddable":true,"href":"https:\/\/asqii.tn\/polygone.com.tn\/wp-json\/wp\/v2\/comments?post=3629"}],"version-history":[{"count":40,"href":"https:\/\/asqii.tn\/polygone.com.tn\/wp-json\/wp\/v2\/pages\/3629\/revisions"}],"predecessor-version":[{"id":3678,"href":"https:\/\/asqii.tn\/polygone.com.tn\/wp-json\/wp\/v2\/pages\/3629\/revisions\/3678"}],"wp:attachment":[{"href":"https:\/\/asqii.tn\/polygone.com.tn\/wp-json\/wp\/v2\/media?parent=3629"}],"curies":[{"name":"wp","href":"https:\/\/api.w.org\/{rel}","templated":true}]}}